{"id":1927,"date":"2023-10-26T09:08:06","date_gmt":"2023-10-26T09:08:06","guid":{"rendered":"https:\/\/d-visionsrl.com\/d-vision\/"},"modified":"2024-03-14T17:49:05","modified_gmt":"2024-03-14T17:49:05","slug":"d-vision","status":"publish","type":"page","link":"https:\/\/d-visionsrl.com\/it\/company\/d-vision\/","title":{"rendered":"D-VISION"},"content":{"rendered":"\t\t<div data-elementor-type=\"wp-page\" data-elementor-id=\"1927\" class=\"elementor elementor-1927 elementor-14\" data-elementor-post-type=\"page\">\n\t\t\t\t<div class=\"elementor-element elementor-element-ba8adaf e-con-full e-flex e-con e-parent\" data-id=\"ba8adaf\" data-element_type=\"container\" data-e-type=\"container\">\n\t\t\t\t<div class=\"elementor-element elementor-element-40b19ba elementor-widget elementor-widget-image\" data-id=\"40b19ba\" data-element_type=\"widget\" data-e-type=\"widget\" data-widget_type=\"image.default\">\n\t\t\t\t<div class=\"elementor-widget-container\">\n\t\t\t\t\t\t\t\t\t\t\t\t\t\t\t<img fetchpriority=\"high\" decoding=\"async\" width=\"1920\" height=\"1080\" src=\"https:\/\/d-visionsrl.com\/wp-content\/uploads\/2023\/10\/background_d-vision.webp\" class=\"attachment-full size-full wp-image-1179\" alt=\"\" srcset=\"https:\/\/d-visionsrl.com\/wp-content\/uploads\/2023\/10\/background_d-vision.webp 1920w, https:\/\/d-visionsrl.com\/wp-content\/uploads\/2023\/10\/background_d-vision-300x169.webp 300w, https:\/\/d-visionsrl.com\/wp-content\/uploads\/2023\/10\/background_d-vision-1024x576.webp 1024w, https:\/\/d-visionsrl.com\/wp-content\/uploads\/2023\/10\/background_d-vision-768x432.webp 768w, https:\/\/d-visionsrl.com\/wp-content\/uploads\/2023\/10\/background_d-vision-1536x864.webp 1536w\" sizes=\"(max-width: 1920px) 100vw, 1920px\" \/>\t\t\t\t\t\t\t\t\t\t\t\t\t\t\t<\/div>\n\t\t\t\t<\/div>\n\t\t\t\t<\/div>\n\t\t<div class=\"elementor-element elementor-element-ccfbce5 e-flex e-con-boxed e-con e-parent\" data-id=\"ccfbce5\" data-element_type=\"container\" data-e-type=\"container\">\n\t\t\t\t\t<div class=\"e-con-inner\">\n\t\t\t\t<div class=\"elementor-element elementor-element-f4ad60c elementor-widget elementor-widget-spacer\" data-id=\"f4ad60c\" data-element_type=\"widget\" data-e-type=\"widget\" data-widget_type=\"spacer.default\">\n\t\t\t\t<div class=\"elementor-widget-container\">\n\t\t\t\t\t\t\t<div class=\"elementor-spacer\">\n\t\t\t<div class=\"elementor-spacer-inner\"><\/div>\n\t\t<\/div>\n\t\t\t\t\t\t<\/div>\n\t\t\t\t<\/div>\n\t\t\t\t\t<\/div>\n\t\t\t\t<\/div>\n\t\t<div class=\"elementor-element elementor-element-2b51125 e-flex e-con-boxed e-con e-parent\" data-id=\"2b51125\" data-element_type=\"container\" data-e-type=\"container\">\n\t\t\t\t\t<div class=\"e-con-inner\">\n\t\t\t\t<div class=\"elementor-element elementor-element-e69336f elementor-widget elementor-widget-heading\" data-id=\"e69336f\" data-element_type=\"widget\" data-e-type=\"widget\" data-widget_type=\"heading.default\">\n\t\t\t\t<div class=\"elementor-widget-container\">\n\t\t\t\t\t<h2 class=\"elementor-heading-title elementor-size-default\">D-vision<\/h2>\t\t\t\t<\/div>\n\t\t\t\t<\/div>\n\t\t\t\t<div class=\"elementor-element elementor-element-bd58513 elementor-widget elementor-widget-text-editor\" data-id=\"bd58513\" data-element_type=\"widget\" data-e-type=\"widget\" data-widget_type=\"text-editor.default\">\n\t\t\t\t<div class=\"elementor-widget-container\">\n\t\t\t\t\t\t\t\t\t<h3>Digital Signage ,&nbsp; Ledwall, Videowall, Sistemi Antitaccheggio, Videosorveglianza, Libero tocco, impianti audio\/video<\/h3>\n\t\t\t\t\t\t\t\t<\/div>\n\t\t\t\t<\/div>\n\t\t\t\t<div class=\"elementor-element elementor-element-fdf94be elementor-widget elementor-widget-spacer\" data-id=\"fdf94be\" data-element_type=\"widget\" data-e-type=\"widget\" data-widget_type=\"spacer.default\">\n\t\t\t\t<div class=\"elementor-widget-container\">\n\t\t\t\t\t\t\t<div class=\"elementor-spacer\">\n\t\t\t<div class=\"elementor-spacer-inner\"><\/div>\n\t\t<\/div>\n\t\t\t\t\t\t<\/div>\n\t\t\t\t<\/div>\n\t\t\t\t<div class=\"elementor-element elementor-element-a1c9631 elementor-widget elementor-widget-text-editor\" data-id=\"a1c9631\" data-element_type=\"widget\" data-e-type=\"widget\" data-widget_type=\"text-editor.default\">\n\t\t\t\t<div class=\"elementor-widget-container\">\n\t\t\t\t\t\t\t\t\t<p><b>D-vision da 20 anni Partner delle migliori catene della GDO<\/b>, si propone come consulente e progettista di impianti antitaccheggio e audio\/video di qualsiasi tipo e dimensione, garantendo un <b>servizio di qualit\u00e0 e una completa assistenza<\/b>.<\/p>\n<p>&#8211; EVOLUZIONE: negli ultimi anni la nostra attenzione si \u00e8 concentrata sulle evoluzioni del mercato e sulle trasformazioni del comportamento d&#8217;acquisto dei clienti, anticipando le necessit\u00e0 e le richieste da parte delle insegne di distribuzione. Movimento e trasformazione hanno caratterizzato anche la nostra realt\u00e0 aziendale, che in breve tempo ha ampliato la gamma di prodotti e servizi offerti, finalizzando il tutto a soddisfare un cliente sempre pi\u00f9 esigente e attento, sempre pi\u00f9 smart.<\/p>\n<p>&#8211; UFFICIO TECNICO: siamo sempre alla continua ricerca di soluzioni e novit\u00e0. Flessibilit\u00e0 e funzionalit\u00e0 sono gli imperativi, con un occhio di riguardo sempre rivolto all&#8217;estetica e al design di ogni prodotto.<\/p>\n<p>&#8211; PROGETTAZIONE: uno Staff preparato, capace di spaziare dalla progettazione di un sistema libero tocco al cablaggio di un impianto audio\/video di un&#8217;intera location, dalla creazione di portali pubblicitari con ledwall allo studio di applicazioni per rendere interattivi lineari o ambienti.<\/p>\n<p>&#8211; INSTALLAZIONE: le nostre squadre sono attive su tutto il territorio nazionale e ci consentono di coprire sia le attivit\u00e0 d&#8217;implementazione che quelle d&#8217;assistenza.<\/p><\/p>\n\t\t\t\t\t\t\t\t<\/div>\n\t\t\t\t<\/div>\n\t\t\t\t\t<\/div>\n\t\t\t\t<\/div>\n\t\t<div class=\"elementor-element elementor-element-7281167 e-flex e-con-boxed e-con e-parent\" data-id=\"7281167\" data-element_type=\"container\" data-e-type=\"container\">\n\t\t\t\t\t<div class=\"e-con-inner\">\n\t\t\t\t<div class=\"elementor-element elementor-element-17a11b7 elementor-widget elementor-widget-heading\" data-id=\"17a11b7\" data-element_type=\"widget\" data-e-type=\"widget\" data-widget_type=\"heading.default\">\n\t\t\t\t<div class=\"elementor-widget-container\">\n\t\t\t\t\t<h2 class=\"elementor-heading-title elementor-size-default\"><a href=\"\/wp-content\/uploads\/2023\/12\/D-Vision-Company-profile-2023.pdf\">SCARICA IL PROFILO AZIENDALE DI D-VISION<\/a><\/h2>\t\t\t\t<\/div>\n\t\t\t\t<\/div>\n\t\t\t\t<div class=\"elementor-element elementor-element-dc5020c elementor-widget elementor-widget-spacer\" data-id=\"dc5020c\" data-element_type=\"widget\" data-e-type=\"widget\" data-widget_type=\"spacer.default\">\n\t\t\t\t<div class=\"elementor-widget-container\">\n\t\t\t\t\t\t\t<div class=\"elementor-spacer\">\n\t\t\t<div class=\"elementor-spacer-inner\"><\/div>\n\t\t<\/div>\n\t\t\t\t\t\t<\/div>\n\t\t\t\t<\/div>\n\t\t\t\t\t<\/div>\n\t\t\t\t<\/div>\n\t\t\t\t<\/div>\n\t\t","protected":false},"excerpt":{"rendered":"<p>D-vision Digital Signage ,&nbsp; Ledwall, Videowall, Sistemi Antitaccheggio, Videosorveglianza, Libero tocco, impianti audio\/video D-vision da 20 anni Partner delle migliori catene della GDO, si propone come consulente e progettista di impianti antitaccheggio e audio\/video di qualsiasi tipo e dimensione, garantendo un servizio di qualit\u00e0 e una completa assistenza. &#8211; EVOLUZIONE: negli ultimi anni la nostra [&hellip;]<\/p>\n","protected":false},"author":1,"featured_media":0,"parent":1953,"menu_order":0,"comment_status":"closed","ping_status":"closed","template":"","meta":{"_acf_changed":false,"footnotes":""},"class_list":["post-1927","page","type-page","status-publish","hentry"],"acf":[],"aioseo_notices":[],"_links":{"self":[{"href":"https:\/\/d-visionsrl.com\/it\/wp-json\/wp\/v2\/pages\/1927","targetHints":{"allow":["GET"]}}],"collection":[{"href":"https:\/\/d-visionsrl.com\/it\/wp-json\/wp\/v2\/pages"}],"about":[{"href":"https:\/\/d-visionsrl.com\/it\/wp-json\/wp\/v2\/types\/page"}],"author":[{"embeddable":true,"href":"https:\/\/d-visionsrl.com\/it\/wp-json\/wp\/v2\/users\/1"}],"replies":[{"embeddable":true,"href":"https:\/\/d-visionsrl.com\/it\/wp-json\/wp\/v2\/comments?post=1927"}],"version-history":[{"count":3,"href":"https:\/\/d-visionsrl.com\/it\/wp-json\/wp\/v2\/pages\/1927\/revisions"}],"predecessor-version":[{"id":1955,"href":"https:\/\/d-visionsrl.com\/it\/wp-json\/wp\/v2\/pages\/1927\/revisions\/1955"}],"up":[{"embeddable":true,"href":"https:\/\/d-visionsrl.com\/it\/wp-json\/wp\/v2\/pages\/1953"}],"wp:attachment":[{"href":"https:\/\/d-visionsrl.com\/it\/wp-json\/wp\/v2\/media?parent=1927"}],"curies":[{"name":"wp","href":"https:\/\/api.w.org\/{rel}","templated":true}]}}